{"id":1236,"date":"2025-12-30T13:28:03","date_gmt":"2025-12-30T07:58:03","guid":{"rendered":"https:\/\/alttext.eminentcoders.com\/imprint\/"},"modified":"2025-12-30T15:19:11","modified_gmt":"2025-12-30T09:49:11","slug":"impressum","status":"publish","type":"page","link":"https:\/\/alttext.eminentcoders.com\/de\/impressum\/","title":{"rendered":"Impressum"},"content":{"rendered":"<h3 class=\"legal-heading !mt-0 uppercase text-xs tracking-widest mb-4\">Verantwortlich f\u00fcr den Inhalt nach \u00a7 55 Abs. 2 RStV<\/h3>\n<p class=\"mb-10 font-medium\">[Vorname Nachname]<br \/>\n[Stra\u00dfe Hausnummer]<br \/>\n[PLZ Ort]<\/p>\n<div class=\"h-px bg-slate-100 w-full mb-10\"><\/div>\n<h3 class=\"legal-heading\">EU-Streitschlichtung<\/h3>\n<p class=\"mb-6\">Die Europ\u00e4ische Kommission stellt eine Plattform zur Online-Streitbeilegung (OS) bereit:<br \/>\n<a class=\"text-brand font-bold underline decoration-brand\/30 underline-offset-4 hover:decoration-brand transition\" href=\"https:\/\/ec.europa.eu\/consumers\/odr\/\" target=\"_blank\" rel=\"noopener noreferrer\">https:\/\/ec.europa.eu\/consumers\/odr\/<\/a>.<br \/>\nUnsere E-Mail-Adresse finden Sie oben im Impressum.<\/p>\n<h3 class=\"legal-heading\">Verbraucherstreitbeilegung<\/h3>\n<p class=\"mb-10\">Wir sind nicht bereit oder verpflichtet, an Streitbeilegungsverfahren vor einer Verbraucherschlichtungsstelle teilzunehmen.<\/p>\n<div class=\"h-px bg-slate-100 w-full mb-10\"><\/div>\n<h3 class=\"legal-heading\">Haftung f\u00fcr Inhalte<\/h3>\n<p class=\"mb-6\">Als Diensteanbieter sind wir gem\u00e4\u00df \u00a7 7 Abs.1 TMG f\u00fcr eigene Inhalte auf diesen Seiten nach den allgemeinen Gesetzen verantwortlich. Nach \u00a7\u00a7 8 bis 10 TMG sind wir als Diensteanbieter jedoch nicht verpflichtet, \u00fcbermittelte oder gespeicherte fremde Informationen zu \u00fcberwachen.<\/p>\n<h3 class=\"legal-heading\">Urheberrecht<\/h3>\n<p class=\"mb-6\">Die durch die Seitenbetreiber erstellten Inhalte und Werke auf diesen Seiten unterliegen dem deutschen Urheberrecht. Die Vervielf\u00e4ltigung, Bearbeitung, Verbreitung und jede Art der Verwertung au\u00dferhalb der Grenzen des Urheberrechtes bed\u00fcrfen der schriftlichen Zustimmung des jeweiligen Autors bzw. Erstellers.<\/p>\n","protected":false},"excerpt":{"rendered":"<p>Verantwortlich f\u00fcr den Inhalt nach \u00a7 55 Abs. 2 RStV [Vorname Nachname] [Stra\u00dfe Hausnummer] [PLZ Ort] EU-Streitschlichtung Die Europ\u00e4ische Kommission stellt eine Plattform zur Online-Streitbeilegung (OS) bereit: https:\/\/ec.europa.eu\/consumers\/odr\/. Unsere E-Mail-Adresse finden Sie oben im Impressum. Verbraucherstreitbeilegung Wir sind nicht bereit oder verpflichtet, an Streitbeilegungsverfahren vor einer Verbraucherschlichtungsstelle teilzunehmen. Haftung f\u00fcr Inhalte Als Diensteanbieter sind wir [&hellip;]<\/p>\n","protected":false},"author":1,"featured_media":0,"parent":0,"menu_order":0,"comment_status":"closed","ping_status":"closed","template":"templates\/imprint.php","meta":{"footnotes":""},"class_list":["post-1236","page","type-page","status-publish","hentry"],"acf":[],"_links":{"self":[{"href":"https:\/\/alttext.eminentcoders.com\/de\/wp-json\/wp\/v2\/pages\/1236","targetHints":{"allow":["GET"]}}],"collection":[{"href":"https:\/\/alttext.eminentcoders.com\/de\/wp-json\/wp\/v2\/pages"}],"about":[{"href":"https:\/\/alttext.eminentcoders.com\/de\/wp-json\/wp\/v2\/types\/page"}],"author":[{"embeddable":true,"href":"https:\/\/alttext.eminentcoders.com\/de\/wp-json\/wp\/v2\/users\/1"}],"replies":[{"embeddable":true,"href":"https:\/\/alttext.eminentcoders.com\/de\/wp-json\/wp\/v2\/comments?post=1236"}],"version-history":[{"count":0,"href":"https:\/\/alttext.eminentcoders.com\/de\/wp-json\/wp\/v2\/pages\/1236\/revisions"}],"wp:attachment":[{"href":"https:\/\/alttext.eminentcoders.com\/de\/wp-json\/wp\/v2\/media?parent=1236"}],"curies":[{"name":"wp","href":"https:\/\/api.w.org\/{rel}","templated":true}]}}